{"id":6073,"date":"2025-05-28T07:57:33","date_gmt":"2025-05-28T07:57:33","guid":{"rendered":"https:\/\/schuchtsaxtechnology.com\/?page_id=6073"},"modified":"2025-08-27T15:40:26","modified_gmt":"2025-08-27T15:40:26","slug":"sst-historie","status":"publish","type":"page","link":"https:\/\/schuchtsaxtechnology.com\/en\/sst-historie\/","title":{"rendered":"SST History"},"content":{"rendered":"<div data-elementor-type=\"wp-page\" data-elementor-id=\"6073\" class=\"elementor elementor-6073\" data-elementor-post-type=\"page\">\n\t\t\t\t<div class=\"elementor-element elementor-element-01681c7 e-flex e-con-boxed e-con e-parent\" data-id=\"01681c7\" data-element_type=\"container\" data-e-type=\"container\" data-settings=\"{&quot;background_background&quot;:&quot;classic&quot;}\">\n\t\t\t\t\t<div class=\"e-con-inner\">\n\t\t\t\t<div class=\"elementor-element elementor-element-6c57905 elementor-hidden-mobile elementor-widget elementor-widget-spacer\" data-id=\"6c57905\" data-element_type=\"widget\" data-e-type=\"widget\" data-widget_type=\"spacer.default\">\n\t\t\t\t<div class=\"elementor-widget-container\">\n\t\t\t\t\t\t\t<div class=\"elementor-spacer\">\n\t\t\t<div class=\"elementor-spacer-inner\"><\/div>\n\t\t<\/div>\n\t\t\t\t\t\t<\/div>\n\t\t\t\t<\/div>\n\t\t\t\t\t<\/div>\n\t\t\t\t<\/div>\n\t\t<div class=\"elementor-element elementor-element-4e59be8 e-flex e-con-boxed e-con e-parent\" data-id=\"4e59be8\" data-element_type=\"container\" data-e-type=\"container\" data-settings=\"{&quot;background_background&quot;:&quot;classic&quot;}\">\n\t\t\t\t\t<div class=\"e-con-inner\">\n\t\t\t\t<div class=\"elementor-element elementor-element-029d855 elementor-widget__width-initial elementor-widget-tablet__width-initial elementor-widget elementor-widget-heading\" data-id=\"029d855\" data-element_type=\"widget\" data-e-type=\"widget\" data-widget_type=\"heading.default\">\n\t\t\t\t<div class=\"elementor-widget-container\">\n\t\t\t\t\t<h1 class=\"elementor-heading-title elementor-size-default\">SST History<\/h1>\t\t\t\t<\/div>\n\t\t\t\t<\/div>\n\t\t\t\t<div class=\"elementor-element elementor-element-12518bb elementor-widget elementor-widget-spacer\" data-id=\"12518bb\" data-element_type=\"widget\" data-e-type=\"widget\" data-widget_type=\"spacer.default\">\n\t\t\t\t<div class=\"elementor-widget-container\">\n\t\t\t\t\t\t\t<div class=\"elementor-spacer\">\n\t\t\t<div class=\"elementor-spacer-inner\"><\/div>\n\t\t<\/div>\n\t\t\t\t\t\t<\/div>\n\t\t\t\t<\/div>\n\t\t\t\t<div class=\"elementor-element elementor-element-d7244f6 elementor-widget-divider--view-line elementor-widget elementor-widget-divider\" data-id=\"d7244f6\" data-element_type=\"widget\" data-e-type=\"widget\" data-widget_type=\"divider.default\">\n\t\t\t\t<div class=\"elementor-widget-container\">\n\t\t\t\t\t\t\t<div class=\"elementor-divider\">\n\t\t\t<span class=\"elementor-divider-separator\">\n\t\t\t\t\t\t<\/span>\n\t\t<\/div>\n\t\t\t\t\t\t<\/div>\n\t\t\t\t<\/div>\n\t\t\t\t\t<\/div>\n\t\t\t\t<\/div>\n\t\t<div class=\"elementor-element elementor-element-cf75b50 e-flex e-con-boxed e-con e-parent\" data-id=\"cf75b50\" data-element_type=\"container\" data-e-type=\"container\" data-settings=\"{&quot;background_background&quot;:&quot;classic&quot;}\">\n\t\t\t\t\t<div class=\"e-con-inner\">\n\t\t<div class=\"elementor-element elementor-element-9fd5b66 e-con-full e-flex e-con e-child\" data-id=\"9fd5b66\" data-element_type=\"container\" data-e-type=\"container\">\n\t\t\t\t<div class=\"elementor-element elementor-element-5741d84 elementor-widget elementor-widget-image\" data-id=\"5741d84\" data-element_type=\"widget\" data-e-type=\"widget\" data-widget_type=\"image.default\">\n\t\t\t\t<div class=\"elementor-widget-container\">\n\t\t\t\t\t\t\t\t\t\t\t\t<figure class=\"wp-caption\">\n\t\t\t\t\t\t\t\t\t\t<img fetchpriority=\"high\" decoding=\"async\" width=\"800\" height=\"555\" src=\"https:\/\/schuchtsaxtechnology.com\/wp-content\/uploads\/2025\/06\/1-1024x710.png\" class=\"attachment-large size-large wp-image-6155\" alt=\"SST Historie: Tino Schucht und Maceo Parker 2001\" srcset=\"https:\/\/schuchtsaxtechnology.com\/wp-content\/uploads\/2025\/06\/1-1024x710.png 1024w, https:\/\/schuchtsaxtechnology.com\/wp-content\/uploads\/2025\/06\/1-300x208.png 300w, https:\/\/schuchtsaxtechnology.com\/wp-content\/uploads\/2025\/06\/1-768x532.png 768w, https:\/\/schuchtsaxtechnology.com\/wp-content\/uploads\/2025\/06\/1-18x12.png 18w, https:\/\/schuchtsaxtechnology.com\/wp-content\/uploads\/2025\/06\/1-600x416.png 600w, https:\/\/schuchtsaxtechnology.com\/wp-content\/uploads\/2025\/06\/1.png 1200w\" sizes=\"(max-width: 800px) 100vw, 800px\" title=\"\">\t\t\t\t\t\t\t\t\t\t\t<figcaption class=\"widget-image-caption wp-caption-text\">Maceo Parker     \/   Tino Schucht<\/figcaption>\n\t\t\t\t\t\t\t\t\t\t<\/figure>\n\t\t\t\t\t\t\t\t\t<\/div>\n\t\t\t\t<\/div>\n\t\t\t\t<\/div>\n\t\t<div class=\"elementor-element elementor-element-f811655 e-con-full e-flex e-con e-child\" data-id=\"f811655\" data-element_type=\"container\" data-e-type=\"container\" data-settings=\"{&quot;background_background&quot;:&quot;classic&quot;}\">\n\t\t\t\t<div class=\"elementor-element elementor-element-7f75bb0 elementor-widget elementor-widget-heading\" data-id=\"7f75bb0\" data-element_type=\"widget\" data-e-type=\"widget\" data-widget_type=\"heading.default\">\n\t\t\t\t<div class=\"elementor-widget-container\">\n\t\t\t\t\t<h2 class=\"elementor-heading-title elementor-size-default\">2001 Meeting with Maceo Parker<\/h2>\t\t\t\t<\/div>\n\t\t\t\t<\/div>\n\t\t\t\t<div class=\"elementor-element elementor-element-d2423c3 elementor-widget elementor-widget-heading\" data-id=\"d2423c3\" data-element_type=\"widget\" data-e-type=\"widget\" data-widget_type=\"heading.default\">\n\t\t\t\t<div class=\"elementor-widget-container\">\n\t\t\t\t\t<div class=\"elementor-heading-title elementor-size-default\">In South Germany<\/div>\t\t\t\t<\/div>\n\t\t\t\t<\/div>\n\t\t\t\t<div class=\"elementor-element elementor-element-738ea02 elementor-hidden-tablet elementor-hidden-mobile elementor-widget elementor-widget-spacer\" data-id=\"738ea02\" data-element_type=\"widget\" data-e-type=\"widget\" data-widget_type=\"spacer.default\">\n\t\t\t\t<div class=\"elementor-widget-container\">\n\t\t\t\t\t\t\t<div class=\"elementor-spacer\">\n\t\t\t<div class=\"elementor-spacer-inner\"><\/div>\n\t\t<\/div>\n\t\t\t\t\t\t<\/div>\n\t\t\t\t<\/div>\n\t\t<div class=\"elementor-element elementor-element-9fe6e3e e-con-full e-flex e-con e-child\" data-id=\"9fe6e3e\" data-element_type=\"container\" data-e-type=\"container\">\n\t\t\t\t<div class=\"elementor-element elementor-element-5a7a716 elementor-widget elementor-widget-heading\" data-id=\"5a7a716\" data-element_type=\"widget\" data-e-type=\"widget\" data-widget_type=\"heading.default\">\n\t\t\t\t<div class=\"elementor-widget-container\">\n\t\t\t\t\t<h3 class=\"elementor-heading-title elementor-size-default\">Tino Schucht said about the Meeting:<\/h3>\t\t\t\t<\/div>\n\t\t\t\t<\/div>\n\t\t\t\t<div class=\"elementor-element elementor-element-1b801d2 elementor-widget elementor-widget-text-editor\" data-id=\"1b801d2\" data-element_type=\"widget\" data-e-type=\"widget\" data-widget_type=\"text-editor.default\">\n\t\t\t\t<div class=\"elementor-widget-container\">\n\t\t\t\t\t\t\t\t\t<p>&#8222;<a href=\"http:\/\/maceo.com\/biography.html\" target=\"_blank\" rel=\"noopener\">Maceo Parker<\/a> tested SST Necks on his Selmer MVI Alto.<br \/>We talked about the uniqueness and high quality of Selmer MVI saxophones.<\/p><div>At that time, I began to realize more and more what an extraordinary role the old Selmer saxophones played and still play.\u201d<\/div><div>\u00a0<\/div>\t\t\t\t\t\t\t\t<\/div>\n\t\t\t\t<\/div>\n\t\t\t\t<\/div>\n\t\t\t\t<\/div>\n\t\t\t\t\t<\/div>\n\t\t\t\t<\/div>\n\t\t<div class=\"elementor-element elementor-element-0fc3759 e-flex e-con-boxed e-con e-parent\" data-id=\"0fc3759\" data-element_type=\"container\" data-e-type=\"container\" data-settings=\"{&quot;background_background&quot;:&quot;classic&quot;}\">\n\t\t\t\t\t<div class=\"e-con-inner\">\n\t\t\t\t<div class=\"elementor-element elementor-element-0d21754 elementor-widget-divider--view-line elementor-widget elementor-widget-divider\" data-id=\"0d21754\" data-element_type=\"widget\" data-e-type=\"widget\" data-widget_type=\"divider.default\">\n\t\t\t\t<div class=\"elementor-widget-container\">\n\t\t\t\t\t\t\t<div class=\"elementor-divider\">\n\t\t\t<span class=\"elementor-divider-separator\">\n\t\t\t\t\t\t<\/span>\n\t\t<\/div>\n\t\t\t\t\t\t<\/div>\n\t\t\t\t<\/div>\n\t\t\t\t\t<\/div>\n\t\t\t\t<\/div>\n\t\t<div class=\"elementor-element elementor-element-d4f75f9 e-flex e-con-boxed e-con e-parent\" data-id=\"d4f75f9\" data-element_type=\"container\" data-e-type=\"container\" data-settings=\"{&quot;background_background&quot;:&quot;classic&quot;}\">\n\t\t\t\t\t<div class=\"e-con-inner\">\n\t\t<div class=\"elementor-element elementor-element-adf4c2c e-con-full e-flex e-con e-child\" data-id=\"adf4c2c\" data-element_type=\"container\" data-e-type=\"container\">\n\t\t\t\t<div class=\"elementor-element elementor-element-4c7f4e6 elementor-widget elementor-widget-image\" data-id=\"4c7f4e6\" data-element_type=\"widget\" data-e-type=\"widget\" data-widget_type=\"image.default\">\n\t\t\t\t<div class=\"elementor-widget-container\">\n\t\t\t\t\t\t\t\t\t\t\t\t<figure class=\"wp-caption\">\n\t\t\t\t\t\t\t\t\t\t<img decoding=\"async\" width=\"800\" height=\"555\" src=\"https:\/\/schuchtsaxtechnology.com\/wp-content\/uploads\/2025\/06\/Comming-Soon-1024x710.png\" class=\"attachment-large size-large wp-image-6193\" alt=\"\" srcset=\"https:\/\/schuchtsaxtechnology.com\/wp-content\/uploads\/2025\/06\/Comming-Soon-1024x710.png 1024w, https:\/\/schuchtsaxtechnology.com\/wp-content\/uploads\/2025\/06\/Comming-Soon-300x208.png 300w, https:\/\/schuchtsaxtechnology.com\/wp-content\/uploads\/2025\/06\/Comming-Soon-768x532.png 768w, https:\/\/schuchtsaxtechnology.com\/wp-content\/uploads\/2025\/06\/Comming-Soon-18x12.png 18w, https:\/\/schuchtsaxtechnology.com\/wp-content\/uploads\/2025\/06\/Comming-Soon-600x416.png 600w, https:\/\/schuchtsaxtechnology.com\/wp-content\/uploads\/2025\/06\/Comming-Soon.png 1200w\" sizes=\"(max-width: 800px) 100vw, 800px\" title=\"\">\t\t\t\t\t\t\t\t\t\t\t<figcaption class=\"widget-image-caption wp-caption-text\"><\/figcaption>\n\t\t\t\t\t\t\t\t\t\t<\/figure>\n\t\t\t\t\t\t\t\t\t<\/div>\n\t\t\t\t<\/div>\n\t\t\t\t<div class=\"elementor-element elementor-element-c05101a elementor-align-center elementor-widget elementor-widget-button\" data-id=\"c05101a\" data-element_type=\"widget\" data-e-type=\"widget\" data-widget_type=\"button.default\">\n\t\t\t\t<div class=\"elementor-widget-container\">\n\t\t\t\t\t\t\t\t\t<div class=\"elementor-button-wrapper\">\n\t\t\t\t\t<a class=\"elementor-button elementor-button-link elementor-size-sm\" href=\"#55455\">\n\t\t\t\t\t\t<span class=\"elementor-button-content-wrapper\">\n\t\t\t\t\t\t<span class=\"elementor-button-icon\">\n\t\t\t\t<svg aria-hidden=\"true\" class=\"e-font-icon-svg e-far-arrow-alt-circle-right\" viewbox=\"0 0 512 512\" xmlns=\"http:\/\/www.w3.org\/2000\/svg\"><path d=\"M504 256C504 119 393 8 256 8S8 119 8 256s111 248 248 248 248-111 248-248zm-448 0c0-110.5 89.5-200 200-200s200 89.5 200 200-89.5 200-200 200S56 366.5 56 256zm72 20v-40c0-6.6 5.4-12 12-12h116v-67c0-10.7 12.9-16 20.5-8.5l99 99c4.7 4.7 4.7 12.3 0 17l-99 99c-7.6 7.6-20.5 2.2-20.5-8.5v-67H140c-6.6 0-12-5.4-12-12z\"><\/path><\/svg>\t\t\t<\/span>\n\t\t\t\t\t\t\t\t\t<span class=\"elementor-button-text\">Subscribe to the newsletter<\/span>\n\t\t\t\t\t<\/span>\n\t\t\t\t\t<\/a>\n\t\t\t\t<\/div>\n\t\t\t\t\t\t\t\t<\/div>\n\t\t\t\t<\/div>\n\t\t\t\t<\/div>\n\t\t<div class=\"elementor-element elementor-element-271f258 e-con-full e-flex e-con e-child\" data-id=\"271f258\" data-element_type=\"container\" data-e-type=\"container\" data-settings=\"{&quot;background_background&quot;:&quot;classic&quot;}\">\n\t\t\t\t<div class=\"elementor-element elementor-element-ce85a46 elementor-widget elementor-widget-image\" data-id=\"ce85a46\" data-element_type=\"widget\" data-e-type=\"widget\" data-widget_type=\"image.default\">\n\t\t\t\t<div class=\"elementor-widget-container\">\n\t\t\t\t\t\t\t\t\t\t\t\t\t\t\t<img decoding=\"async\" width=\"800\" height=\"555\" src=\"https:\/\/schuchtsaxtechnology.com\/wp-content\/uploads\/2025\/06\/Text-verschwommen-1-1024x710.png\" class=\"attachment-large size-large wp-image-6208\" alt=\"\" srcset=\"https:\/\/schuchtsaxtechnology.com\/wp-content\/uploads\/2025\/06\/Text-verschwommen-1-1024x710.png 1024w, https:\/\/schuchtsaxtechnology.com\/wp-content\/uploads\/2025\/06\/Text-verschwommen-1-300x208.png 300w, https:\/\/schuchtsaxtechnology.com\/wp-content\/uploads\/2025\/06\/Text-verschwommen-1-768x532.png 768w, https:\/\/schuchtsaxtechnology.com\/wp-content\/uploads\/2025\/06\/Text-verschwommen-1-18x12.png 18w, https:\/\/schuchtsaxtechnology.com\/wp-content\/uploads\/2025\/06\/Text-verschwommen-1-600x416.png 600w, https:\/\/schuchtsaxtechnology.com\/wp-content\/uploads\/2025\/06\/Text-verschwommen-1.png 1200w\" sizes=\"(max-width: 800px) 100vw, 800px\" title=\"\">\t\t\t\t\t\t\t\t\t\t\t\t\t\t\t<\/div>\n\t\t\t\t<\/div>\n\t\t\t\t<div class=\"elementor-element elementor-element-3dfd0a0 elementor-hidden-tablet elementor-hidden-mobile elementor-widget elementor-widget-spacer\" data-id=\"3dfd0a0\" data-element_type=\"widget\" data-e-type=\"widget\" data-widget_type=\"spacer.default\">\n\t\t\t\t<div class=\"elementor-widget-container\">\n\t\t\t\t\t\t\t<div class=\"elementor-spacer\">\n\t\t\t<div class=\"elementor-spacer-inner\"><\/div>\n\t\t<\/div>\n\t\t\t\t\t\t<\/div>\n\t\t\t\t<\/div>\n\t\t\t\t<\/div>\n\t\t\t\t\t<\/div>\n\t\t\t\t<\/div>\n\t\t<div class=\"elementor-element elementor-element-94e1948 e-flex e-con-boxed e-con e-parent\" data-id=\"94e1948\" data-element_type=\"container\" data-e-type=\"container\" data-settings=\"{&quot;background_background&quot;:&quot;classic&quot;}\">\n\t\t\t\t\t<div class=\"e-con-inner\">\n\t\t\t\t<div class=\"elementor-element elementor-element-bb22784 elementor-widget elementor-widget-spacer\" data-id=\"bb22784\" data-element_type=\"widget\" data-e-type=\"widget\" data-widget_type=\"spacer.default\">\n\t\t\t\t<div class=\"elementor-widget-container\">\n\t\t\t\t\t\t\t<div class=\"elementor-spacer\">\n\t\t\t<div class=\"elementor-spacer-inner\"><\/div>\n\t\t<\/div>\n\t\t\t\t\t\t<\/div>\n\t\t\t\t<\/div>\n\t\t\t\t\t<\/div>\n\t\t\t\t<\/div>\n\t\t\t\t<\/div>","protected":false},"excerpt":{"rendered":"<p>SST Historie Maceo Parker \/ Tino Schucht 2001 Treffen mit Maceo Parker In S\u00fcddeutschland Tino Schucht sagte \u00fcber das Treffen: &#8222;Maceo Parker testete SST S-B\u00f6gen auf seinem Selmer MVI Alto.Wir sprachen \u00fcber die Einzigartigkeit und die hohe Qualit\u00e4t von Selmer MVI Saxophonen. Damals begann ich immer mehr zu begreifen, welche au\u00dferordentliche Rolle die alten Selmer [&hellip;]<\/p>\n","protected":false},"author":1,"featured_media":0,"parent":0,"menu_order":0,"comment_status":"closed","ping_status":"closed","template":"elementor_header_footer","meta":{"footnotes":""},"class_list":["post-6073","page","type-page","status-publish","hentry"],"_links":{"self":[{"href":"https:\/\/schuchtsaxtechnology.com\/en\/wp-json\/wp\/v2\/pages\/6073","targetHints":{"allow":["GET"]}}],"collection":[{"href":"https:\/\/schuchtsaxtechnology.com\/en\/wp-json\/wp\/v2\/pages"}],"about":[{"href":"https:\/\/schuchtsaxtechnology.com\/en\/wp-json\/wp\/v2\/types\/page"}],"author":[{"embeddable":true,"href":"https:\/\/schuchtsaxtechnology.com\/en\/wp-json\/wp\/v2\/users\/1"}],"replies":[{"embeddable":true,"href":"https:\/\/schuchtsaxtechnology.com\/en\/wp-json\/wp\/v2\/comments?post=6073"}],"version-history":[{"count":75,"href":"https:\/\/schuchtsaxtechnology.com\/en\/wp-json\/wp\/v2\/pages\/6073\/revisions"}],"predecessor-version":[{"id":7464,"href":"https:\/\/schuchtsaxtechnology.com\/en\/wp-json\/wp\/v2\/pages\/6073\/revisions\/7464"}],"wp:attachment":[{"href":"https:\/\/schuchtsaxtechnology.com\/en\/wp-json\/wp\/v2\/media?parent=6073"}],"curies":[{"name":"wp","href":"https:\/\/api.w.org\/{rel}","templated":true}]}}