{"id":2436,"date":"2024-11-10T20:12:53","date_gmt":"2024-11-10T20:12:53","guid":{"rendered":"https:\/\/schuchtsaxtechnology.com\/widerrufsbelehrung\/"},"modified":"2025-12-16T08:15:12","modified_gmt":"2025-12-16T08:15:12","slug":"widerrufsbelehrung","status":"publish","type":"page","link":"https:\/\/schuchtsaxtechnology.com\/en\/widerrufsbelehrung\/","title":{"rendered":"Cancellation policy"},"content":{"rendered":"<div data-elementor-type=\"wp-page\" data-elementor-id=\"2436\" class=\"elementor elementor-2436\" data-elementor-post-type=\"page\">\n\t\t\t\t<div class=\"elementor-element elementor-element-19cae31 e-flex e-con-boxed e-con e-parent\" data-id=\"19cae31\" data-element_type=\"container\" data-e-type=\"container\">\n\t\t\t\t\t<div class=\"e-con-inner\">\n\t\t\t\t<div class=\"elementor-element elementor-element-017a80f elementor-hidden-mobile elementor-widget elementor-widget-spacer\" data-id=\"017a80f\" data-element_type=\"widget\" data-e-type=\"widget\" data-widget_type=\"spacer.default\">\n\t\t\t\t<div class=\"elementor-widget-container\">\n\t\t\t\t\t\t\t<div class=\"elementor-spacer\">\n\t\t\t<div class=\"elementor-spacer-inner\"><\/div>\n\t\t<\/div>\n\t\t\t\t\t\t<\/div>\n\t\t\t\t<\/div>\n\t\t\t\t\t<\/div>\n\t\t\t\t<\/div>\n\t\t<div class=\"elementor-element elementor-element-9711c38 e-flex e-con-boxed e-con e-parent\" data-id=\"9711c38\" data-element_type=\"container\" data-e-type=\"container\">\n\t\t\t\t\t<div class=\"e-con-inner\">\n\t\t\t\t<div class=\"elementor-element elementor-element-190ff92 elementor-widget__width-inherit elementor-widget elementor-widget-heading\" data-id=\"190ff92\" data-element_type=\"widget\" data-e-type=\"widget\" data-widget_type=\"heading.default\">\n\t\t\t\t<div class=\"elementor-widget-container\">\n\t\t\t\t\t<h2 class=\"elementor-heading-title elementor-size-default\">Right of withdrawal<\/h2>\t\t\t\t<\/div>\n\t\t\t\t<\/div>\n\t\t\t\t<div class=\"elementor-element elementor-element-950f80d elementor-widget elementor-widget-spacer\" data-id=\"950f80d\" data-element_type=\"widget\" data-e-type=\"widget\" data-widget_type=\"spacer.default\">\n\t\t\t\t<div class=\"elementor-widget-container\">\n\t\t\t\t\t\t\t<div class=\"elementor-spacer\">\n\t\t\t<div class=\"elementor-spacer-inner\"><\/div>\n\t\t<\/div>\n\t\t\t\t\t\t<\/div>\n\t\t\t\t<\/div>\n\t\t\t\t<div class=\"elementor-element elementor-element-dab0077 elementor-widget elementor-widget-heading\" data-id=\"dab0077\" data-element_type=\"widget\" data-e-type=\"widget\" data-widget_type=\"heading.default\">\n\t\t\t\t<div class=\"elementor-widget-container\">\n\t\t\t\t\t<h3 class=\"elementor-heading-title elementor-size-default\">Right of withdrawal for consumers<\/h3>\t\t\t\t<\/div>\n\t\t\t\t<\/div>\n\t\t\t\t\t<\/div>\n\t\t\t\t<\/div>\n\t\t<div class=\"elementor-element elementor-element-c969ab3 e-flex e-con-boxed e-con e-parent\" data-id=\"c969ab3\" data-element_type=\"container\" data-e-type=\"container\">\n\t\t\t\t\t<div class=\"e-con-inner\">\n\t\t\t\t<div class=\"elementor-element elementor-element-e1b1468 elementor-widget elementor-widget-html\" data-id=\"e1b1468\" data-element_type=\"widget\" data-e-type=\"widget\" data-widget_type=\"html.default\">\n\t\t\t\t<div class=\"elementor-widget-container\">\n\t\t\t\t\t\n<hr style=\"border: 0,5px solid #000000; with: 90%; margin: -10px;\">\n\n\n\t\t\t\t<\/div>\n\t\t\t\t<\/div>\n\t\t\t\t<div class=\"elementor-element elementor-element-0f72daa elementor-widget elementor-widget-text-editor\" data-id=\"0f72daa\" data-element_type=\"widget\" data-e-type=\"widget\" data-widget_type=\"text-editor.default\">\n\t\t\t\t<div class=\"elementor-widget-container\">\n\t\t\t\t\t\t\t\t\t<p>A consumer is any natural person who enters into a legal transaction for purposes that are predominantly outside their trade, business or profession.<\/p>\t\t\t\t\t\t\t\t<\/div>\n\t\t\t\t<\/div>\n\t\t\t\t<div class=\"elementor-element elementor-element-7d8abf8 elementor-widget elementor-widget-heading\" data-id=\"7d8abf8\" data-element_type=\"widget\" data-e-type=\"widget\" data-widget_type=\"heading.default\">\n\t\t\t\t<div class=\"elementor-widget-container\">\n\t\t\t\t\t<h3 class=\"elementor-heading-title elementor-size-default\">Cancellation policy<\/h3>\t\t\t\t<\/div>\n\t\t\t\t<\/div>\n\t\t\t\t<div class=\"elementor-element elementor-element-950cd37 elementor-widget elementor-widget-html\" data-id=\"950cd37\" data-element_type=\"widget\" data-e-type=\"widget\" data-widget_type=\"html.default\">\n\t\t\t\t<div class=\"elementor-widget-container\">\n\t\t\t\t\t\n<hr style=\"border: 0,5px solid #000000; with: 90%; margin: -10px;\">\n\n\n\t\t\t\t<\/div>\n\t\t\t\t<\/div>\n\t\t\t\t<div class=\"elementor-element elementor-element-a64da0d elementor-widget elementor-widget-text-editor\" data-id=\"a64da0d\" data-element_type=\"widget\" data-e-type=\"widget\" data-widget_type=\"text-editor.default\">\n\t\t\t\t<div class=\"elementor-widget-container\">\n\t\t\t\t\t\t\t\t\t<h5 data-start=\"151\" data-end=\"176\"><strong style=\"color: inherit; font-family: inherit; font-size: 1.25rem; text-align: var(--text-align);\" data-start=\"156\" data-end=\"174\">Right of withdrawal<\/strong><\/h5><p data-start=\"177\" data-end=\"294\">You have the right, within <strong data-start=\"205\" data-end=\"238\">14 days after receipt of the goods and receipt of the cancellation policy (received in the General Terms and Conditions) <\/strong>to withdraw from this contract without giving reasons.<\/p><p data-start=\"177\" data-end=\"294\"><strong style=\"color: inherit; font-family: inherit; font-size: 1.25rem; text-align: var(--text-align);\" data-start=\"301\" data-end=\"335\">Exclusion of the right of withdrawal<\/strong><\/p><p data-start=\"338\" data-end=\"534\">The right of withdrawal does <strong data-start=\"365\" data-end=\"374\">not apply<\/strong> for <strong data-start=\"448\" data-end=\"459\">Necks<\/strong>, as these are individually adapted to the customer's saxophone.<\/p><p data-start=\"338\" data-end=\"534\">However, we offer a 7-day test period for Necks.\u00a0<a href=\"https:\/\/schuchtsaxtechnology.com\/en\/testmodalitaeten\/\"><strong>-&gt;&gt;Test modalities for Necks<\/strong><\/a><\/p><p data-start=\"338\" data-end=\"534\">The right of withdrawal does not apply to products that have been custom-made at the customer's request.<\/p><h5 data-start=\"536\" data-end=\"561\"><strong data-start=\"541\" data-end=\"559\">Withdrawal period<\/strong><\/h5><p data-start=\"562\" data-end=\"696\">The withdrawal period is <strong data-start=\"589\" data-end=\"611\">14 days from the day<\/strong>on which you or a person designated by you took possession of the goods and received the cancellation policy (contained in the General Terms and Conditions).<\/p><h5 data-start=\"698\" data-end=\"727\"><strong data-start=\"703\" data-end=\"725\">Declaration of revocation<\/strong><\/h5><p data-start=\"728\" data-end=\"1021\">To exercise your right of withdrawal, you must inform us by means of a <strong data-start=\"790\" data-end=\"815\">clear declaration<\/strong> (e.g. by e-mail or letter) of your decision to withdraw from this contract. You can use the following sample withdrawal form, but this is not mandatory.<\/p><p data-start=\"1023\" data-end=\"1128\"><strong>Please send your revocation to:<\/strong><\/p><p data-start=\"1023\" data-end=\"1128\">Company name: Schucht Sax Technology<\/p><p data-start=\"1023\" data-end=\"1128\">Adress: Kirchstra\u00dfe 57, 98724 Lauscha<\/p><p data-start=\"1023\" data-end=\"1128\">E-Mail: tino-schucht@schuchtsaxtechnology.com<\/p><h5 data-start=\"1130\" data-end=\"1161\"><strong data-start=\"1135\" data-end=\"1159\">Consequences of revocation<\/strong><\/h5><p data-start=\"1162\" data-end=\"1433\">If you withdraw from this contract, we will refund you the <strong data-start=\"1222\" data-end=\"1274\">Purchase price and the costs of standard delivery<\/strong>.<\/p><p data-start=\"1435\" data-end=\"1880\">Repayment shall be made immediately and at the latest within <strong data-start=\"1494\" data-end=\"1542\">14 days after receipt of the returned goods<\/strong>. For the refund, we will use the same means of payment that you used for the original transaction, unless expressly agreed otherwise. We may refuse to refund you until we have received the goods back or you have provided proof that you have returned the goods.<\/p><h5 data-start=\"1882\" data-end=\"1914\"><strong>Return of the goods<\/strong><\/h5><p data-start=\"1915\" data-end=\"2084\">You must return the goods to us <strong data-start=\"1936\" data-end=\"2022\">immediately and in any case within 14 days of the day<\/strong> of revocation at the latest. You shall bear the costs of the return shipment.<\/p><h5 data-start=\"1915\" data-end=\"2084\"><strong>Sample withdrawal form<\/strong><\/h5>\t\t\t\t\t\t\t\t<\/div>\n\t\t\t\t<\/div>\n\t\t\t\t<div class=\"elementor-element elementor-element-9bc1090 elementor-widget elementor-widget-button\" data-id=\"9bc1090\" data-element_type=\"widget\" data-e-type=\"widget\" data-widget_type=\"button.default\">\n\t\t\t\t<div class=\"elementor-widget-container\">\n\t\t\t\t\t\t\t\t\t<div class=\"elementor-button-wrapper\">\n\t\t\t\t\t<a class=\"elementor-button elementor-button-link elementor-size-sm\" href=\"https:\/\/schuchtsaxtechnology.com\/wp-content\/uploads\/2025\/02\/Widerrufsformular_Schucht_Sax_Technology_v4.pdf\">\n\t\t\t\t\t\t<span class=\"elementor-button-content-wrapper\">\n\t\t\t\t\t\t<span class=\"elementor-button-icon\">\n\t\t\t\t<svg aria-hidden=\"true\" class=\"e-font-icon-svg e-fab-wpforms\" viewbox=\"0 0 448 512\" xmlns=\"http:\/\/www.w3.org\/2000\/svg\"><path d=\"M448 75.2v361.7c0 24.3-19 43.2-43.2 43.2H43.2C19.3 480 0 461.4 0 436.8V75.2C0 51.1 18.8 32 43.2 32h361.7c24 0 43.1 18.8 43.1 43.2zm-37.3 361.6V75.2c0-3-2.6-5.8-5.8-5.8h-9.3L285.3 144 224 94.1 162.8 144 52.5 69.3h-9.3c-3.2 0-5.8 2.8-5.8 5.8v361.7c0 3 2.6 5.8 5.8 5.8h361.7c3.2.1 5.8-2.7 5.8-5.8zM150.2 186v37H76.7v-37h73.5zm0 74.4v37.3H76.7v-37.3h73.5zm11.1-147.3l54-43.7H96.8l64.5 43.7zm210 72.9v37h-196v-37h196zm0 74.4v37.3h-196v-37.3h196zm-84.6-147.3l64.5-43.7H232.8l53.9 43.7zM371.3 335v37.3h-99.4V335h99.4z\"><\/path><\/svg>\t\t\t<\/span>\n\t\t\t\t\t\t\t\t\t<span class=\"elementor-button-text\">Download sample withdrawal form<\/span>\n\t\t\t\t\t<\/span>\n\t\t\t\t\t<\/a>\n\t\t\t\t<\/div>\n\t\t\t\t\t\t\t\t<\/div>\n\t\t\t\t<\/div>\n\t\t\t\t\t<\/div>\n\t\t\t\t<\/div>\n\t\t<div class=\"elementor-element elementor-element-ddfee37 e-flex e-con-boxed e-con e-parent\" data-id=\"ddfee37\" data-element_type=\"container\" data-e-type=\"container\">\n\t\t\t\t\t<div class=\"e-con-inner\">\n\t\t\t\t<div class=\"elementor-element elementor-element-983b363 elementor-widget elementor-widget-spacer\" data-id=\"983b363\" data-element_type=\"widget\" data-e-type=\"widget\" data-widget_type=\"spacer.default\">\n\t\t\t\t<div class=\"elementor-widget-container\">\n\t\t\t\t\t\t\t<div class=\"elementor-spacer\">\n\t\t\t<div class=\"elementor-spacer-inner\"><\/div>\n\t\t<\/div>\n\t\t\t\t\t\t<\/div>\n\t\t\t\t<\/div>\n\t\t\t\t\t<\/div>\n\t\t\t\t<\/div>\n\t\t\t\t<\/div>","protected":false},"excerpt":{"rendered":"<p>Widerrufsrecht Widerrufsrecht f\u00fcr Verbraucher Verbraucher ist jede nat\u00fcrliche Person, die ein Rechtsgesch\u00e4ft zu Zwecken abschlie\u00dft, die \u00fcberwiegend weder ihrer gewerblichen noch ihrer selbstst\u00e4ndigen beruflichen T\u00e4tigkeit zugerechnet werden kann. Widerrufsbelehrung Widerrufsrecht Sie haben das Recht, binnen 14 Tagen nach Erhalt der Ware und Empfang der Widerrufsbelehrung (erhalten in AGBs) ohne Angabe von Gr\u00fcnden diesen Vertrag zu [&hellip;]<\/p>\n","protected":false},"author":1,"featured_media":0,"parent":0,"menu_order":0,"comment_status":"closed","ping_status":"closed","template":"elementor_header_footer","meta":{"footnotes":""},"class_list":["post-2436","page","type-page","status-publish","hentry"],"_links":{"self":[{"href":"https:\/\/schuchtsaxtechnology.com\/en\/wp-json\/wp\/v2\/pages\/2436","targetHints":{"allow":["GET"]}}],"collection":[{"href":"https:\/\/schuchtsaxtechnology.com\/en\/wp-json\/wp\/v2\/pages"}],"about":[{"href":"https:\/\/schuchtsaxtechnology.com\/en\/wp-json\/wp\/v2\/types\/page"}],"author":[{"embeddable":true,"href":"https:\/\/schuchtsaxtechnology.com\/en\/wp-json\/wp\/v2\/users\/1"}],"replies":[{"embeddable":true,"href":"https:\/\/schuchtsaxtechnology.com\/en\/wp-json\/wp\/v2\/comments?post=2436"}],"version-history":[{"count":81,"href":"https:\/\/schuchtsaxtechnology.com\/en\/wp-json\/wp\/v2\/pages\/2436\/revisions"}],"predecessor-version":[{"id":7883,"href":"https:\/\/schuchtsaxtechnology.com\/en\/wp-json\/wp\/v2\/pages\/2436\/revisions\/7883"}],"wp:attachment":[{"href":"https:\/\/schuchtsaxtechnology.com\/en\/wp-json\/wp\/v2\/media?parent=2436"}],"curies":[{"name":"wp","href":"https:\/\/api.w.org\/{rel}","templated":true}]}}