{"id":2132,"date":"2024-10-31T18:15:09","date_gmt":"2024-10-31T18:15:09","guid":{"rendered":"https:\/\/sstprojekt.live-website.com\/?page_id=2132"},"modified":"2025-02-26T20:34:59","modified_gmt":"2025-02-26T20:34:59","slug":"testmodalitaeten","status":"publish","type":"page","link":"https:\/\/schuchtsaxtechnology.com\/en\/testmodalitaeten\/","title":{"rendered":"Testing procedures for Necks"},"content":{"rendered":"<div data-elementor-type=\"wp-page\" data-elementor-id=\"2132\" class=\"elementor elementor-2132\" data-elementor-post-type=\"page\">\n\t\t\t\t<div class=\"elementor-element elementor-element-d837cc3 e-flex e-con-boxed e-con e-parent\" data-id=\"d837cc3\" data-element_type=\"container\" data-e-type=\"container\">\n\t\t\t\t\t<div class=\"e-con-inner\">\n\t\t\t\t<div class=\"elementor-element elementor-element-ee0cde2 elementor-hidden-mobile elementor-widget elementor-widget-spacer\" data-id=\"ee0cde2\" data-element_type=\"widget\" data-e-type=\"widget\" data-widget_type=\"spacer.default\">\n\t\t\t\t<div class=\"elementor-widget-container\">\n\t\t\t\t\t\t\t<div class=\"elementor-spacer\">\n\t\t\t<div class=\"elementor-spacer-inner\"><\/div>\n\t\t<\/div>\n\t\t\t\t\t\t<\/div>\n\t\t\t\t<\/div>\n\t\t\t\t\t<\/div>\n\t\t\t\t<\/div>\n\t\t<div class=\"elementor-element elementor-element-8542c5f e-flex e-con-boxed e-con e-parent\" data-id=\"8542c5f\" data-element_type=\"container\" data-e-type=\"container\">\n\t\t\t\t\t<div class=\"e-con-inner\">\n\t\t\t\t<div class=\"elementor-element elementor-element-e402c77 elementor-widget__width-inherit elementor-widget elementor-widget-heading\" data-id=\"e402c77\" data-element_type=\"widget\" data-e-type=\"widget\" data-widget_type=\"heading.default\">\n\t\t\t\t<div class=\"elementor-widget-container\">\n\t\t\t\t\t<h2 class=\"elementor-heading-title elementor-size-default\">Testing procedures for Necks<\/h2>\t\t\t\t<\/div>\n\t\t\t\t<\/div>\n\t\t\t\t<div class=\"elementor-element elementor-element-44f759d elementor-hidden-mobile elementor-widget elementor-widget-spacer\" data-id=\"44f759d\" data-element_type=\"widget\" data-e-type=\"widget\" data-widget_type=\"spacer.default\">\n\t\t\t\t<div class=\"elementor-widget-container\">\n\t\t\t\t\t\t\t<div class=\"elementor-spacer\">\n\t\t\t<div class=\"elementor-spacer-inner\"><\/div>\n\t\t<\/div>\n\t\t\t\t\t\t<\/div>\n\t\t\t\t<\/div>\n\t\t\t\t<div class=\"elementor-element elementor-element-f45572c elementor-widget elementor-widget-text-editor\" data-id=\"f45572c\" data-element_type=\"widget\" data-e-type=\"widget\" data-widget_type=\"text-editor.default\">\n\t\t\t\t<div class=\"elementor-widget-container\">\n\t\t\t\t\t\t\t\t\t<p data-start=\"0\" data-end=\"116\">As our Necks are individually adapted to your saxophone, there is no right of withdrawal for Necks.<\/p><p data-start=\"118\" data-end=\"192\">However, we offer a 7-day trial period for customers from the EU.<\/p><p data-start=\"118\" data-end=\"192\">\u00a0<\/p><div><div style=\"margin-bottom: 20px; min-width: 0px; max-width: 100%;\"><div style=\"height: 222.562px;\"><p><span style=\"color: #000000;\">If you are a saxophonist from a non-EU country, you can send us an individual request via the <a href=\"https:\/\/schuchtsaxtechnology.com\/en\/kontakt\/\">Contact form<\/a> .<\/span><\/p><p><span style=\"color: var( --e-global-color-text ); text-align: var(--text-align);\">\u00a0<\/span><\/p><\/div><\/div><\/div>\t\t\t\t\t\t\t\t<\/div>\n\t\t\t\t<\/div>\n\t\t\t\t<div class=\"elementor-element elementor-element-61bab41 elementor-widget elementor-widget-spacer\" data-id=\"61bab41\" data-element_type=\"widget\" data-e-type=\"widget\" data-widget_type=\"spacer.default\">\n\t\t\t\t<div class=\"elementor-widget-container\">\n\t\t\t\t\t\t\t<div class=\"elementor-spacer\">\n\t\t\t<div class=\"elementor-spacer-inner\"><\/div>\n\t\t<\/div>\n\t\t\t\t\t\t<\/div>\n\t\t\t\t<\/div>\n\t\t\t\t\t<\/div>\n\t\t\t\t<\/div>\n\t\t\t\t<\/div>","protected":false},"excerpt":{"rendered":"<p>Testmodalit\u00e4ten f\u00fcr S-B\u00f6gen Da unsere S-B\u00f6gen individuell an ihr Saxophon angepasst werden, besteht f\u00fcr S-B\u00f6gen kein Widerrufsrecht. F\u00fcr Kunden aus der EU bieten wir jedoch einen 7-t\u00e4gigen Testzeitraum an. \u00a0 Wenn Sie ein Saxophonist aus dem Nicht-EU Ausland sind, k\u00f6nnen Sie uns eine individuelle Anfrage \u00fcber das Kontaktformular senden. \u00a0<\/p>","protected":false},"author":1,"featured_media":0,"parent":0,"menu_order":0,"comment_status":"closed","ping_status":"closed","template":"elementor_header_footer","meta":{"footnotes":""},"class_list":["post-2132","page","type-page","status-publish","hentry"],"_links":{"self":[{"href":"https:\/\/schuchtsaxtechnology.com\/en\/wp-json\/wp\/v2\/pages\/2132","targetHints":{"allow":["GET"]}}],"collection":[{"href":"https:\/\/schuchtsaxtechnology.com\/en\/wp-json\/wp\/v2\/pages"}],"about":[{"href":"https:\/\/schuchtsaxtechnology.com\/en\/wp-json\/wp\/v2\/types\/page"}],"author":[{"embeddable":true,"href":"https:\/\/schuchtsaxtechnology.com\/en\/wp-json\/wp\/v2\/users\/1"}],"replies":[{"embeddable":true,"href":"https:\/\/schuchtsaxtechnology.com\/en\/wp-json\/wp\/v2\/comments?post=2132"}],"version-history":[{"count":60,"href":"https:\/\/schuchtsaxtechnology.com\/en\/wp-json\/wp\/v2\/pages\/2132\/revisions"}],"predecessor-version":[{"id":4605,"href":"https:\/\/schuchtsaxtechnology.com\/en\/wp-json\/wp\/v2\/pages\/2132\/revisions\/4605"}],"wp:attachment":[{"href":"https:\/\/schuchtsaxtechnology.com\/en\/wp-json\/wp\/v2\/media?parent=2132"}],"curies":[{"name":"wp","href":"https:\/\/api.w.org\/{rel}","templated":true}]}}