{"id":1308,"date":"2024-10-10T08:45:10","date_gmt":"2024-10-10T08:45:10","guid":{"rendered":"https:\/\/sstprojekt.live-website.com\/?page_id=1308"},"modified":"2026-02-15T16:57:53","modified_gmt":"2026-02-15T16:57:53","slug":"handler","status":"publish","type":"page","link":"https:\/\/schuchtsaxtechnology.com\/en\/handler\/","title":{"rendered":"Dealer"},"content":{"rendered":"<div data-elementor-type=\"wp-page\" data-elementor-id=\"1308\" class=\"elementor elementor-1308\" data-elementor-post-type=\"page\">\n\t\t\t\t<div class=\"elementor-element elementor-element-7c95fe0 e-flex e-con-boxed e-con e-parent\" data-id=\"7c95fe0\" data-element_type=\"container\" data-e-type=\"container\">\n\t\t\t\t\t<div class=\"e-con-inner\">\n\t\t\t\t<div class=\"elementor-element elementor-element-ee340f6 elementor-hidden-mobile elementor-widget elementor-widget-spacer\" data-id=\"ee340f6\" data-element_type=\"widget\" data-e-type=\"widget\" data-widget_type=\"spacer.default\">\n\t\t\t\t<div class=\"elementor-widget-container\">\n\t\t\t\t\t\t\t<div class=\"elementor-spacer\">\n\t\t\t<div class=\"elementor-spacer-inner\"><\/div>\n\t\t<\/div>\n\t\t\t\t\t\t<\/div>\n\t\t\t\t<\/div>\n\t\t<div class=\"elementor-element elementor-element-879b56c e-con-full e-flex e-con e-child\" data-id=\"879b56c\" data-element_type=\"container\" data-e-type=\"container\">\n\t\t\t\t<div class=\"elementor-element elementor-element-0114f11 elementor-widget__width-inherit elementor-widget elementor-widget-heading\" data-id=\"0114f11\" data-element_type=\"widget\" data-e-type=\"widget\" data-widget_type=\"heading.default\">\n\t\t\t\t<div class=\"elementor-widget-container\">\n\t\t\t\t\t<h1 class=\"elementor-heading-title elementor-size-default\">Dealer<\/h1>\t\t\t\t<\/div>\n\t\t\t\t<\/div>\n\t\t\t\t<div class=\"elementor-element elementor-element-a27dd64 elementor-hidden-mobile elementor-widget elementor-widget-spacer\" data-id=\"a27dd64\" data-element_type=\"widget\" data-e-type=\"widget\" data-widget_type=\"spacer.default\">\n\t\t\t\t<div class=\"elementor-widget-container\">\n\t\t\t\t\t\t\t<div class=\"elementor-spacer\">\n\t\t\t<div class=\"elementor-spacer-inner\"><\/div>\n\t\t<\/div>\n\t\t\t\t\t\t<\/div>\n\t\t\t\t<\/div>\n\t\t\t\t<div class=\"elementor-element elementor-element-8dd419e elementor-widget elementor-widget-text-editor\" data-id=\"8dd419e\" data-element_type=\"widget\" data-e-type=\"widget\" data-widget_type=\"text-editor.default\">\n\t\t\t\t<div class=\"elementor-widget-container\">\n\t\t\t\t\t\t\t\t\t<p>You can test and purchase SST products from our partners during the specified business hours. We recommend that you register for a test in advance. It is always possible that more specific SST products may not be available. If we know this in advance, we can prepare much better for you.<\/p><p>You also have the option of receiving personal advice from us directly and free of charge regarding your concerns prior to your test. To do so, we recommend that you write to us directly or give us a call. We can clarify everything with you in detail. If something is missing from our partner's inventory, we can send the appropriate products to our partner and will inform you immediately when these products arrive so that you can make an appointment with our sales partner.<\/p><p>\u00a0<\/p><p>Feel free to send us an email with your request or give us a call!<\/p><p>E-Mail:<br \/><a href=\"mailto:schuchtsaxtechnology@googlemail.com\">schuchtsaxtechnology@googlemail.com<\/a><\/p><p>Phone: <br \/><a href=\"tel: +49 36702 309877\">+49 36702 309877<\/a><\/p>\t\t\t\t\t\t\t\t<\/div>\n\t\t\t\t<\/div>\n\t\t\t\t<div class=\"elementor-element elementor-element-40889ab elementor-widget__width-initial elementor-widget elementor-widget-text-editor\" data-id=\"40889ab\" data-element_type=\"widget\" data-e-type=\"widget\" data-widget_type=\"text-editor.default\">\n\t\t\t\t<div class=\"elementor-widget-container\">\n\t\t\t\t\t\t\t\t\t<h1><strong>Lauscha<\/strong><\/h1><p><span style=\"text-decoration: underline;\"><strong><em>SST Studio<\/em><\/strong><\/span><\/p><p>Kirchstra\u00dfe 57<br \/>98724 Lauscha<\/p><p>Phone:<br \/><a href=\"tel:+49 36702 309877\">+49 36702 309877\u00a0<\/a><\/p><p>E-Mail: <br \/><a href=\"mailto:schuchtsaxtechnology@googlemail.com\">schuchtsaxtechnology@googlemail.com<\/a><\/p><p>Website:<br \/><a href=\"https:\/\/schuchtsaxtechnology.com\/en\/\">www.schuchtsaxtechnology.com<\/a><\/p>\t\t\t\t\t\t\t\t<\/div>\n\t\t\t\t<\/div>\n\t\t\t\t<div class=\"elementor-element elementor-element-11535d9 elementor-widget__width-initial elementor-hidden-desktop elementor-hidden-tablet elementor-hidden-mobile elementor-widget elementor-widget-text-editor\" data-id=\"11535d9\" data-element_type=\"widget\" data-e-type=\"widget\" data-widget_type=\"text-editor.default\">\n\t\t\t\t<div class=\"elementor-widget-container\">\n\t\t\t\t\t\t\t\t\t<h1><b>Bayern<\/b><\/h1><p><em><span style=\"text-decoration: underline;\"><strong>Thomann<\/strong><\/span><strong>\u00a0 \u00a0<\/strong><span style=\"color: #d10000;\">(coming soon)<\/span><\/em><\/p><p>Hans-Thomann-Stra\u00dfe 1<br \/>96138 Burgebrach-Treppendorf<\/p><p>E-Mail (brass section):<br \/><a class=\"fx-link fx-speechbubble__text--no-hyphen\" href=\"mailto:brass@thomann.de\">brass@<wbr \/>thomann.de<\/a><\/p><p>Website:<br \/><a style=\"background-color: #ffffff;\" href=\"https:\/\/www.thomann.de\/de\/index.html\" target=\"_blank\" rel=\"noopener\">www.thomann.de<\/a><\/p>\t\t\t\t\t\t\t\t<\/div>\n\t\t\t\t<\/div>\n\t\t\t\t<div class=\"elementor-element elementor-element-d33bef4 elementor-widget__width-initial elementor-widget elementor-widget-text-editor\" data-id=\"d33bef4\" data-element_type=\"widget\" data-e-type=\"widget\" data-widget_type=\"text-editor.default\">\n\t\t\t\t<div class=\"elementor-widget-container\">\n\t\t\t\t\t\t\t\t\t<h1><b>Hamburg<\/b><\/h1><p><span style=\"text-decoration: underline;\"><strong><em>Bastein Holzblasinstrumente<\/em>\u00a0<\/strong><\/span><\/p><p>Erdmannstra\u00dfe 4<br \/>22765 Hamburg<\/p><p>Phone:<br \/><a href=\"tel:+49 40 390 88 08\" data-wplink-edit=\"true\">+49 40 390 88 08<\/a><\/p><p>E-Mail:<br \/><a href=\"mailto:info@bastein.de\">info@bastein.de<\/a><\/p><p>Website: <br \/><a href=\"https:\/\/www.bastein.de\/\" target=\"_blank\" rel=\"noopener\">www.bastein.de<\/a><\/p>\t\t\t\t\t\t\t\t<\/div>\n\t\t\t\t<\/div>\n\t\t\t\t<\/div>\n\t\t\t\t\t<\/div>\n\t\t\t\t<\/div>\n\t\t<div class=\"elementor-element elementor-element-77ea2a6 e-flex e-con-boxed e-con e-parent\" data-id=\"77ea2a6\" data-element_type=\"container\" data-e-type=\"container\">\n\t\t\t\t\t<div class=\"e-con-inner\">\n\t\t\t\t<div class=\"elementor-element elementor-element-5f196a1 elementor-widget elementor-widget-spacer\" data-id=\"5f196a1\" data-element_type=\"widget\" data-e-type=\"widget\" data-widget_type=\"spacer.default\">\n\t\t\t\t<div class=\"elementor-widget-container\">\n\t\t\t\t\t\t\t<div class=\"elementor-spacer\">\n\t\t\t<div class=\"elementor-spacer-inner\"><\/div>\n\t\t<\/div>\n\t\t\t\t\t\t<\/div>\n\t\t\t\t<\/div>\n\t\t\t\t\t<\/div>\n\t\t\t\t<\/div>\n\t\t\t\t<\/div>","protected":false},"excerpt":{"rendered":"<p>H\u00e4ndler Sie k\u00f6nnen SST Produkte zu den angegebenen Gesch\u00e4ftszeiten bei unseren Partnern testen und kaufen. Wir empfehle Ihnen, sich vorher f\u00fcr einen Test anzumelden. Es kann immer mal sein, dass Kunden spezifischere SST Produkte nicht vorhanden sind. Wenn wir das vorher wissen, k\u00f6nnen wir uns viel besser auf Sie vorbereiten. Sie haben auch die M\u00f6glichkeit, [&hellip;]<\/p>\n","protected":false},"author":1,"featured_media":0,"parent":0,"menu_order":0,"comment_status":"closed","ping_status":"closed","template":"elementor_header_footer","meta":{"footnotes":""},"class_list":["post-1308","page","type-page","status-publish","hentry"],"_links":{"self":[{"href":"https:\/\/schuchtsaxtechnology.com\/en\/wp-json\/wp\/v2\/pages\/1308","targetHints":{"allow":["GET"]}}],"collection":[{"href":"https:\/\/schuchtsaxtechnology.com\/en\/wp-json\/wp\/v2\/pages"}],"about":[{"href":"https:\/\/schuchtsaxtechnology.com\/en\/wp-json\/wp\/v2\/types\/page"}],"author":[{"embeddable":true,"href":"https:\/\/schuchtsaxtechnology.com\/en\/wp-json\/wp\/v2\/users\/1"}],"replies":[{"embeddable":true,"href":"https:\/\/schuchtsaxtechnology.com\/en\/wp-json\/wp\/v2\/comments?post=1308"}],"version-history":[{"count":88,"href":"https:\/\/schuchtsaxtechnology.com\/en\/wp-json\/wp\/v2\/pages\/1308\/revisions"}],"predecessor-version":[{"id":8346,"href":"https:\/\/schuchtsaxtechnology.com\/en\/wp-json\/wp\/v2\/pages\/1308\/revisions\/8346"}],"wp:attachment":[{"href":"https:\/\/schuchtsaxtechnology.com\/en\/wp-json\/wp\/v2\/media?parent=1308"}],"curies":[{"name":"wp","href":"https:\/\/api.w.org\/{rel}","templated":true}]}}